{"id":3052,"date":"2025-10-21T14:05:13","date_gmt":"2025-10-21T14:05:13","guid":{"rendered":"http:\/\/www.toniobueso.art\/photo-street-2\/"},"modified":"2025-11-12T19:01:49","modified_gmt":"2025-11-12T19:01:49","slug":"photo-street","status":"publish","type":"page","link":"https:\/\/www.toniobueso.art\/es\/","title":{"rendered":"Photo Street"},"content":{"rendered":"<div id=\"fws_6a02f1f090f84\"  data-column-margin=\"default\" data-midnight=\"dark\"  class=\"wpb_row vc_row-fluid vc_row\"  style=\"padding-top: 0px; padding-bottom: 0px; \"><div class=\"row-bg-wrap\" data-bg-animation=\"none\" data-bg-animation-delay=\"\" data-bg-overlay=\"false\"><div class=\"inner-wrap row-bg-layer\" ><div class=\"row-bg viewport-desktop\"  style=\"\"><\/div><\/div><\/div><div class=\"row_col_wrap_12 col span_12 dark left\">\n\t<div  class=\"vc_col-sm-12 wpb_column column_container vc_column_container col no-extra-padding inherit_tablet inherit_phone\"  data-padding-pos=\"all\" data-has-bg-color=\"false\" data-bg-color=\"\" data-bg-opacity=\"1\" data-animation=\"\" data-delay=\"0\" >\n\t\t<div class=\"vc_column-inner\" >\n\t\t\t<div class=\"wpb_wrapper\">\n\t\t\t\t\n\t\t\t<!-- START Slaido 33 REVOLUTION SLIDER 6.6.20 --><p class=\"rs-p-wp-fix\"><\/p>\n\t\t\t<rs-module-wrap id=\"rev_slider_18_1_wrapper\" data-source=\"gallery\" style=\"visibility:hidden;background:transparent;padding:0;margin:0px auto;margin-top:0;margin-bottom:0;\">\n\t\t\t\t<rs-module id=\"rev_slider_18_1\" style=\"\" data-version=\"6.6.20\">\n\t\t\t\t\t<rs-slides style=\"overflow: hidden; position: absolute;\">\n\t\t\t\t\t\t<rs-slide style=\"position: absolute;\" data-key=\"rs-77\" data-title=\"Slide\" data-thumb=\"\/\/www.toniobueso.art\/wp-content\/uploads\/2025\/10\/0617-2025.2.5-Tonio-Bueso-Ilford-Delta-400-13-scaled-100x50.jpg\" data-anim=\"ms:1400;\" data-in=\"o:0;\" data-out=\"a:false;\" data-d3=\"f:cube;d:vertical;z:400;su:true;sma:1;\">\n\t\t\t\t\t\t\t<img decoding=\"async\" src=\"\/\/www.toniobueso.art\/wp-content\/plugins\/revslider\/public\/assets\/assets\/dummy.png\" alt=\"\" title=\"0617 &#8211; 2025.2.5 &#8211; Tonio Bueso &#8211; Ilford Delta 400-13\" width=\"2560\" height=\"1707\" class=\"rev-slidebg tp-rs-img rs-lazyload\" data-lazyload=\"\/\/www.toniobueso.art\/wp-content\/uploads\/2025\/10\/0617-2025.2.5-Tonio-Bueso-Ilford-Delta-400-13-scaled.jpg\" data-no-retina>\n<!--\n\t\t\t\t\t\t\t--><rs-layer\n\t\t\t\t\t\t\t\tid=\"slider-18-slide-77-layer-1\" \n\t\t\t\t\t\t\t\tclass=\"tp-shape tp-shapewrapper\"\n\t\t\t\t\t\t\t\tdata-type=\"shape\"\n\t\t\t\t\t\t\t\tdata-rsp_ch=\"on\"\n\t\t\t\t\t\t\t\tdata-xy=\"x:c;xo:-11px,-11px,176px,2px;y:m;yo:2px,2px,-135px,-1px;\"\n\t\t\t\t\t\t\t\tdata-text=\"s:40,30,30,55;l:60,63,60,60;ls:-2px,-2px,2px,-2px;a:inherit;\"\n\t\t\t\t\t\t\t\tdata-dim=\"w:1920px;h:100%;\"\n\t\t\t\t\t\t\t\tdata-frame_1=\"sR:10;\"\n\t\t\t\t\t\t\t\tdata-frame_999=\"o:0;st:w;sR:8690;\"\n\t\t\t\t\t\t\t\tstyle=\"z-index:6;\"\n\t\t\t\t\t\t\t> \n\t\t\t\t\t\t\t<\/rs-layer><!--\n\n\t\t\t\t\t\t\t--><rs-layer\n\t\t\t\t\t\t\t\tid=\"slider-18-slide-77-layer-2\" \n\t\t\t\t\t\t\t\tdata-type=\"text\"\n\t\t\t\t\t\t\t\tdata-rsp_ch=\"on\"\n\t\t\t\t\t\t\t\tdata-xy=\"x:c;xo:427px,439px,267px,-155px;y:m;yo:661px,606px,665px,251px;\"\n\t\t\t\t\t\t\t\tdata-text=\"s:65,65,55,32;l:73,73,60,45;ls:-2px,-2px,-2px,0px;a:center;\"\n\t\t\t\t\t\t\t\tdata-dim=\"w:auto,auto,auto,52px;\"\n\t\t\t\t\t\t\t\tdata-frame_0=\"y:bottom;o:1;rX:-20deg;rY:-20deg;\"\n\t\t\t\t\t\t\t\tdata-frame_1=\"e:power3.out;st:320;sp:2150;sR:320;\"\n\t\t\t\t\t\t\t\tdata-frame_999=\"o:0;st:w;sR:6530;\"\n\t\t\t\t\t\t\t\tstyle=\"z-index:8;font-family:'Kaushan Script';\"\n\t\t\t\t\t\t\t>No fotografio per recordar,<\/br>\nsin\u00f3 per tornar a sentir <\/br>\nel que em va v\u00e8ncer<br> \n en aquell momentde silenci<br>\n \n\t\t\t\t\t\t\t<\/rs-layer><!--\n\n\t\t\t\t\t\t\t--><rs-layer\n\t\t\t\t\t\t\t\tid=\"slider-18-slide-77-layer-3\" \n\t\t\t\t\t\t\t\tdata-type=\"text\"\n\t\t\t\t\t\t\t\tdata-rsp_ch=\"on\"\n\t\t\t\t\t\t\t\tdata-xy=\"x:c;xo:427px,439px,267px,-54px;y:m;yo:661px,606px,665px,298px;\"\n\t\t\t\t\t\t\t\tdata-text=\"s:65,65,55,20;l:73,73,60,40;ls:-2px,-2px,-2px,2px;a:center;\"\n\t\t\t\t\t\t\t\tdata-frame_0=\"y:bottom;o:1;rX:-20deg;rY:-20deg;\"\n\t\t\t\t\t\t\t\tdata-frame_1=\"e:power3.out;st:320;sp:2150;sR:320;\"\n\t\t\t\t\t\t\t\tdata-frame_999=\"o:0;st:w;sR:6530;\"\n\t\t\t\t\t\t\t\tstyle=\"z-index:7;font-family:'Tahoma', 'Geneva', 'sans-serif';\"\n\t\t\t\t\t\t\t> \n\t\t\t\t\t\t\t<\/rs-layer><!--\n\n\t\t\t\t\t\t\t--><rs-layer\n\t\t\t\t\t\t\t\tid=\"slider-18-slide-77-layer-5\" \n\t\t\t\t\t\t\t\tdata-type=\"text\"\n\t\t\t\t\t\t\t\tdata-rsp_ch=\"on\"\n\t\t\t\t\t\t\t\tdata-xy=\"x:c;xo:-32px,26px,-18px,-19px;y:m;yo:210px,221px,190px,592px;\"\n\t\t\t\t\t\t\t\tdata-text=\"s:30,40,30,55;l:60,65,60,60;ls:-2px,-1px,2px,-2px;a:left,left,center,center;\"\n\t\t\t\t\t\t\t\tdata-dim=\"w:833px,833px,719px,auto;h:190px,190px,auto,auto;\"\n\t\t\t\t\t\t\t\tdata-frame_0=\"y:bottom;o:1;rX:-20deg;rY:-20deg;\"\n\t\t\t\t\t\t\t\tdata-frame_1=\"e:power3.out;st:630;sp:1950;sR:630;\"\n\t\t\t\t\t\t\t\tdata-frame_999=\"o:0;st:w;sR:6420;\"\n\t\t\t\t\t\t\t\tstyle=\"z-index:10;font-family:'Kaushan Script';\"\n\t\t\t\t\t\t\t>No fotografio per recordar,<\/br>\nsin\u00f3 per tornar a sentir el que<\/br>\nem va v\u00e8ncer en aquell moment de silenci \n\t\t\t\t\t\t\t<\/rs-layer><!--\n-->\t\t\t\t\t\t<\/rs-slide>\n\t\t\t\t\t\t<rs-slide style=\"position: absolute;\" data-key=\"rs-78\" data-title=\"Slide\" data-thumb=\"\/\/www.toniobueso.art\/wp-content\/uploads\/2025\/10\/\u00a9\ufe0fphoto-by-toniobueso-77-scaled-100x50.jpg\" data-anim=\"ms:1400;\" data-in=\"o:0;\" data-out=\"a:false;\" data-d3=\"f:cube;d:vertical;z:400;su:true;sma:1;\">\n\t\t\t\t\t\t\t<img decoding=\"async\" src=\"\/\/www.toniobueso.art\/wp-content\/plugins\/revslider\/public\/assets\/assets\/dummy.png\" alt=\"\" title=\"\u00a9\ufe0fphoto by toniobueso (77)\" width=\"2560\" height=\"1795\" class=\"rev-slidebg tp-rs-img rs-lazyload\" data-lazyload=\"\/\/www.toniobueso.art\/wp-content\/uploads\/2025\/10\/\u00a9\ufe0fphoto-by-toniobueso-77-scaled.jpg\" data-no-retina>\n<!--\n\t\t\t\t\t\t\t--><rs-layer\n\t\t\t\t\t\t\t\tid=\"slider-18-slide-78-layer-1\" \n\t\t\t\t\t\t\t\tclass=\"tp-shape tp-shapewrapper\"\n\t\t\t\t\t\t\t\tdata-type=\"shape\"\n\t\t\t\t\t\t\t\tdata-rsp_ch=\"on\"\n\t\t\t\t\t\t\t\tdata-xy=\"x:c;xo:0,0,-1px,212px;y:m;yo:0,0,0,6px;\"\n\t\t\t\t\t\t\t\tdata-text=\"fw:100;a:inherit;\"\n\t\t\t\t\t\t\t\tdata-dim=\"w:1920px;h:100%;\"\n\t\t\t\t\t\t\t\tdata-layeronlimit=\"on\"\n\t\t\t\t\t\t\t\tdata-frame_1=\"sR:10;\"\n\t\t\t\t\t\t\t\tdata-frame_999=\"o:0;st:w;sR:8690;\"\n\t\t\t\t\t\t\t\tstyle=\"z-index:6;background-color:rgba(20,20,20,0.5);\"\n\t\t\t\t\t\t\t> \n\t\t\t\t\t\t\t<\/rs-layer><!--\n\n\t\t\t\t\t\t\t--><rs-layer\n\t\t\t\t\t\t\t\tid=\"slider-18-slide-78-layer-2\" \n\t\t\t\t\t\t\t\tdata-type=\"text\"\n\t\t\t\t\t\t\t\tdata-rsp_ch=\"on\"\n\t\t\t\t\t\t\t\tdata-xy=\"x:c;xo:427px,439px,267px,-11px;y:m;yo:661px,606px,665px,46px;\"\n\t\t\t\t\t\t\t\tdata-text=\"s:65,65,55,26;l:73,73,60,41;ls:-2px;a:center;\"\n\t\t\t\t\t\t\t\tdata-dim=\"w:auto,auto,auto,280px;\"\n\t\t\t\t\t\t\t\tdata-frame_0=\"y:bottom;o:1;rX:-20deg;rY:-20deg;\"\n\t\t\t\t\t\t\t\tdata-frame_1=\"x:0,0,0,0px;y:0,0,0,0px;e:power3.out;st:320;sp:2150;sR:320;\"\n\t\t\t\t\t\t\t\tdata-frame_999=\"o:0;st:w;sR:6530;\"\n\t\t\t\t\t\t\t\tstyle=\"z-index:8;font-family:'Kaushan Script';\"\n\t\t\t\t\t\t\t>\n\n La t\u00e8cnica \u00e9s el pinzell<\/br>  \n amb qu\u00e8 la llum  pinta la realitat. \n\t\t\t\t\t\t\t<\/rs-layer><!--\n\n\t\t\t\t\t\t\t--><rs-layer\n\t\t\t\t\t\t\t\tid=\"slider-18-slide-78-layer-6\" \n\t\t\t\t\t\t\t\tdata-type=\"text\"\n\t\t\t\t\t\t\t\tdata-rsp_ch=\"on\"\n\t\t\t\t\t\t\t\tdata-xy=\"x:c;xo:-74px,58px,-170px,-19px;y:m;yo:216px,210px,226px,592px;\"\n\t\t\t\t\t\t\t\tdata-text=\"s:30,30,30,55;l:60,63,60,60;ls:-2px,-2px,-1px,-2px;a:left,left,center,center;\"\n\t\t\t\t\t\t\t\tdata-dim=\"w:833px,833px,719px,auto;h:182px,216px,auto,auto;\"\n\t\t\t\t\t\t\t\tdata-frame_0=\"y:bottom;o:1;rX:-20deg;rY:-20deg;\"\n\t\t\t\t\t\t\t\tdata-frame_1=\"e:power3.out;st:930;sp:1950;sR:610;\"\n\t\t\t\t\t\t\t\tdata-frame_999=\"o:0;st:w;sR:6120;\"\n\t\t\t\t\t\t\t\tstyle=\"z-index:10;font-family:'Kaushan Script';\"\n\t\t\t\t\t\t\t> La t\u00e8cnica \u00e9s el pinzell<\/br>  \n amb qu\u00e8 la llum  pinta la realitat. \n\t\t\t\t\t\t\t<\/rs-layer><!--\n-->\t\t\t\t\t\t<\/rs-slide>\n\t\t\t\t\t\t<rs-slide style=\"position: absolute;\" data-key=\"rs-79\" data-title=\"Slide\" data-thumb=\"\/\/www.toniobueso.art\/wp-content\/uploads\/2025\/10\/20250902_203152-100x50.jpg\" data-anim=\"ms:1400;\" data-in=\"o:0;\" data-out=\"a:false;\" data-d3=\"f:cube;d:vertical;z:400;su:true;sma:1;\">\n\t\t\t\t\t\t\t<img decoding=\"async\" src=\"\/\/www.toniobueso.art\/wp-content\/plugins\/revslider\/public\/assets\/assets\/dummy.png\" alt=\"\" title=\"20250902_203152\" width=\"1500\" height=\"693\" class=\"rev-slidebg tp-rs-img rs-lazyload\" data-lazyload=\"\/\/www.toniobueso.art\/wp-content\/uploads\/2025\/10\/20250902_203152.jpg\" data-no-retina>\n<!--\n\t\t\t\t\t\t\t--><rs-layer\n\t\t\t\t\t\t\t\tid=\"slider-18-slide-79-layer-1\" \n\t\t\t\t\t\t\t\tclass=\"tp-shape tp-shapewrapper\"\n\t\t\t\t\t\t\t\tdata-type=\"shape\"\n\t\t\t\t\t\t\t\tdata-rsp_ch=\"on\"\n\t\t\t\t\t\t\t\tdata-xy=\"x:c;xo:0,0,-1px,2px;y:m;yo:0,0,0,-1px;\"\n\t\t\t\t\t\t\t\tdata-text=\"fw:100;a:inherit;\"\n\t\t\t\t\t\t\t\tdata-dim=\"w:1920px;h:100%;\"\n\t\t\t\t\t\t\t\tdata-frame_1=\"sR:10;\"\n\t\t\t\t\t\t\t\tdata-frame_999=\"o:0;st:w;sR:8690;\"\n\t\t\t\t\t\t\t\tstyle=\"z-index:6;background-color:rgba(20,20,20,0.5);\"\n\t\t\t\t\t\t\t> \n\t\t\t\t\t\t\t<\/rs-layer><!--\n\n\t\t\t\t\t\t\t--><rs-layer\n\t\t\t\t\t\t\t\tid=\"slider-18-slide-79-layer-2\" \n\t\t\t\t\t\t\t\tdata-type=\"text\"\n\t\t\t\t\t\t\t\tdata-rsp_ch=\"on\"\n\t\t\t\t\t\t\t\tdata-xy=\"x:c;xo:427px,439px,267px,-9px;y:m;yo:661px,606px,665px,175px;\"\n\t\t\t\t\t\t\t\tdata-text=\"s:65,65,55,25;l:73,73,60,40;ls:-2px;a:center;\"\n\t\t\t\t\t\t\t\tdata-frame_0=\"y:bottom;o:1;rX:-20deg;rY:-20deg;\"\n\t\t\t\t\t\t\t\tdata-frame_1=\"e:power3.out;st:320;sp:2150;sR:320;\"\n\t\t\t\t\t\t\t\tdata-frame_999=\"o:0;st:w;sR:6530;\"\n\t\t\t\t\t\t\t\tstyle=\"z-index:8;font-family:'Courier New', 'Courier', 'monospace';\"\n\t\t\t\t\t\t\t>\"No hay pose,<\/br>\nsolo verdad en movimiento.\"<\/br> \n\t\t\t\t\t\t\t<\/rs-layer><!--\n\n\t\t\t\t\t\t\t--><rs-layer\n\t\t\t\t\t\t\t\tid=\"slider-18-slide-79-layer-3\" \n\t\t\t\t\t\t\t\tdata-type=\"text\"\n\t\t\t\t\t\t\t\tdata-rsp_ch=\"on\"\n\t\t\t\t\t\t\t\tdata-xy=\"x:c;xo:427px,439px,267px,-94px;y:m;yo:661px,606px,665px,247px;\"\n\t\t\t\t\t\t\t\tdata-text=\"s:65,65,55,20;l:73,73,60,40;ls:-2px,-2px,-2px,2px;a:center;\"\n\t\t\t\t\t\t\t\tdata-frame_0=\"y:bottom;o:1;rX:-20deg;rY:-20deg;\"\n\t\t\t\t\t\t\t\tdata-frame_1=\"e:power3.out;st:320;sp:2150;sR:320;\"\n\t\t\t\t\t\t\t\tdata-frame_999=\"o:0;st:w;sR:6530;\"\n\t\t\t\t\t\t\t\tstyle=\"z-index:7;font-family:'Tahoma', 'Geneva', 'sans-serif';\"\n\t\t\t\t\t\t\t>- An\u00f3nimo \n\t\t\t\t\t\t\t<\/rs-layer><!--\n-->\t\t\t\t\t\t<\/rs-slide>\n\t\t\t\t\t\t<rs-slide style=\"position: absolute;\" data-key=\"rs-80\" data-title=\"Slide\" data-thumb=\"\/\/www.toniobueso.art\/wp-content\/uploads\/2025\/10\/DSC_7061-2-scaled-100x50.jpg\" data-anim=\"ms:1400;\" data-in=\"o:0;\" data-out=\"a:false;\" data-d3=\"f:cube;d:vertical;z:400;su:true;sma:1;\">\n\t\t\t\t\t\t\t<img decoding=\"async\" src=\"\/\/www.toniobueso.art\/wp-content\/plugins\/revslider\/public\/assets\/assets\/dummy.png\" alt=\"\" title=\"DSC_7061 (2)\" width=\"1732\" height=\"2560\" class=\"rev-slidebg tp-rs-img rs-lazyload\" data-lazyload=\"\/\/www.toniobueso.art\/wp-content\/uploads\/2025\/10\/DSC_7061-2-scaled.jpg\" data-no-retina>\n<!--\n\t\t\t\t\t\t\t--><rs-layer\n\t\t\t\t\t\t\t\tid=\"slider-18-slide-80-layer-0\" \n\t\t\t\t\t\t\t\tdata-type=\"text\"\n\t\t\t\t\t\t\t\tdata-rsp_ch=\"on\"\n\t\t\t\t\t\t\t\tdata-xy=\"x:c;xo:-287px,-281px,-215px,-126px;y:m;yo:422px,367px,323px,512px;\"\n\t\t\t\t\t\t\t\tdata-text=\"s:30,30,30,55;l:73,63,60,60;ls:2px,2px,2px,-2px;a:left,left,center,center;\"\n\t\t\t\t\t\t\t\tdata-dim=\"w:auto,auto,719px,auto;h:158px,158px,auto,auto;\"\n\t\t\t\t\t\t\t\tdata-frame_0=\"y:bottom;o:1;rX:-20deg;rY:-20deg;\"\n\t\t\t\t\t\t\t\tdata-frame_1=\"e:power3.out;st:630;sp:1950;sR:630;\"\n\t\t\t\t\t\t\t\tdata-frame_999=\"o:0;st:w;sR:6420;\"\n\t\t\t\t\t\t\t\tstyle=\"z-index:10;font-family:'Tahoma', 'Geneva', 'sans-serif';\"\n\t\t\t\t\t\t\t> \n\t\t\t\t\t\t\t<\/rs-layer><!--\n\n\t\t\t\t\t\t\t--><rs-layer\n\t\t\t\t\t\t\t\tid=\"slider-18-slide-80-layer-1\" \n\t\t\t\t\t\t\t\tclass=\"tp-shape tp-shapewrapper\"\n\t\t\t\t\t\t\t\tdata-type=\"shape\"\n\t\t\t\t\t\t\t\tdata-rsp_ch=\"on\"\n\t\t\t\t\t\t\t\tdata-xy=\"x:c;xo:0,0,-1px,2px;y:m;yo:0,0,0,-1px;\"\n\t\t\t\t\t\t\t\tdata-text=\"fw:100;a:inherit;\"\n\t\t\t\t\t\t\t\tdata-dim=\"w:1920px;h:100%;\"\n\t\t\t\t\t\t\t\tdata-frame_1=\"sR:10;\"\n\t\t\t\t\t\t\t\tdata-frame_999=\"o:0;st:w;sR:8690;\"\n\t\t\t\t\t\t\t\tstyle=\"z-index:6;background-color:rgba(20,20,20,0.5);\"\n\t\t\t\t\t\t\t> \n\t\t\t\t\t\t\t<\/rs-layer><!--\n\n\t\t\t\t\t\t\t--><rs-layer\n\t\t\t\t\t\t\t\tid=\"slider-18-slide-80-layer-2\" \n\t\t\t\t\t\t\t\tdata-type=\"text\"\n\t\t\t\t\t\t\t\tdata-rsp_ch=\"on\"\n\t\t\t\t\t\t\t\tdata-xy=\"x:c;xo:427px,439px,267px,6px;y:m;yo:661px,606px,665px,123px;\"\n\t\t\t\t\t\t\t\tdata-text=\"s:65,65,55,25;l:73,73,60,40;ls:-2px;a:center;\"\n\t\t\t\t\t\t\t\tdata-frame_0=\"y:bottom;o:1;rX:-20deg;rY:-20deg;\"\n\t\t\t\t\t\t\t\tdata-frame_1=\"e:power3.out;st:320;sp:2150;sR:320;\"\n\t\t\t\t\t\t\t\tdata-frame_999=\"o:0;st:w;sR:6530;\"\n\t\t\t\t\t\t\t\tstyle=\"z-index:8;font-family:'Courier New', 'Courier', 'monospace';\"\n\t\t\t\t\t\t\t>\"Fotografiar el mundo tal y como es.<\/br>\nNada es m\u00e1s interesante que la<\/br>\nrealidad.\" \n\t\t\t\t\t\t\t<\/rs-layer><!--\n\n\t\t\t\t\t\t\t--><rs-layer\n\t\t\t\t\t\t\t\tid=\"slider-18-slide-80-layer-3\" \n\t\t\t\t\t\t\t\tdata-type=\"text\"\n\t\t\t\t\t\t\t\tdata-rsp_ch=\"on\"\n\t\t\t\t\t\t\t\tdata-xy=\"x:c;xo:427px,439px,267px,-101px;y:m;yo:661px,606px,665px,209px;\"\n\t\t\t\t\t\t\t\tdata-text=\"s:65,65,55,20;l:73,73,60,40;ls:-2px,-2px,-2px,2px;a:center;\"\n\t\t\t\t\t\t\t\tdata-frame_0=\"y:bottom;o:1;rX:-20deg;rY:-20deg;\"\n\t\t\t\t\t\t\t\tdata-frame_1=\"e:power3.out;st:320;sp:2150;sR:320;\"\n\t\t\t\t\t\t\t\tdata-frame_999=\"o:0;st:w;sR:6530;\"\n\t\t\t\t\t\t\t\tstyle=\"z-index:7;font-family:'Tahoma', 'Geneva', 'sans-serif';\"\n\t\t\t\t\t\t\t>-Mary Ellen Mark \n\t\t\t\t\t\t\t<\/rs-layer><!--\n\n\t\t\t\t\t\t\t--><rs-layer\n\t\t\t\t\t\t\t\tid=\"slider-18-slide-80-layer-8\" \n\t\t\t\t\t\t\t\tdata-type=\"text\"\n\t\t\t\t\t\t\t\tdata-rsp_ch=\"on\"\n\t\t\t\t\t\t\t\tdata-xy=\"x:c;xo:-29px,-3px,-11px,-19px;y:m;yo:256px,203px,190px,592px;\"\n\t\t\t\t\t\t\t\tdata-text=\"s:40,30,30,55;l:60,63,60,60;ls:-2px,-2px,2px,-2px;a:left,left,center,center;\"\n\t\t\t\t\t\t\t\tdata-dim=\"w:833px,833px,719px,auto;h:214px,214px,auto,auto;\"\n\t\t\t\t\t\t\t\tdata-frame_0=\"y:bottom;o:1;rX:-20deg;rY:-20deg;\"\n\t\t\t\t\t\t\t\tdata-frame_1=\"e:power3.out;st:630;sp:1950;sR:630;\"\n\t\t\t\t\t\t\t\tdata-frame_999=\"o:0;st:w;sR:6420;\"\n\t\t\t\t\t\t\t\tstyle=\"z-index:10;font-family:'Courier New', 'Courier', 'monospace';\"\n\t\t\t\t\t\t\t> \n\t\t\t\t\t\t\t<\/rs-layer><!--\n-->\t\t\t\t\t\t<\/rs-slide>\n\t\t\t\t\t\t<rs-slide style=\"position: absolute;\" data-key=\"rs-86\" data-title=\"Slide\" data-thumb=\"\/\/www.toniobueso.art\/wp-content\/uploads\/2025\/10\/A041506-R1-26-27-copia-scaled-100x50.jpg\" data-anim=\"ms:1400;\" data-in=\"o:0;\" data-out=\"a:false;\" data-d3=\"f:cube;d:vertical;z:400;su:true;sma:1;\">\n\t\t\t\t\t\t\t<img decoding=\"async\" src=\"\/\/www.toniobueso.art\/wp-content\/plugins\/revslider\/public\/assets\/assets\/dummy.png\" alt=\"\" title=\"A041506-R1-26-27 &#8211; c\u00f2pia\" width=\"2560\" height=\"1869\" class=\"rev-slidebg tp-rs-img rs-lazyload\" data-lazyload=\"\/\/www.toniobueso.art\/wp-content\/uploads\/2025\/10\/A041506-R1-26-27-copia-scaled.jpg\" data-no-retina>\n<!--\n\t\t\t\t\t\t\t--><rs-layer\n\t\t\t\t\t\t\t\tid=\"slider-18-slide-86-layer-0\" \n\t\t\t\t\t\t\t\tdata-type=\"text\"\n\t\t\t\t\t\t\t\tdata-rsp_ch=\"on\"\n\t\t\t\t\t\t\t\tdata-xy=\"x:c;xo:-287px,-281px,-215px,-126px;y:m;yo:422px,367px,323px,512px;\"\n\t\t\t\t\t\t\t\tdata-text=\"s:30,30,30,55;l:73,63,60,60;ls:2px,2px,2px,-2px;a:left,left,center,center;\"\n\t\t\t\t\t\t\t\tdata-dim=\"w:auto,auto,719px,auto;h:158px,158px,auto,auto;\"\n\t\t\t\t\t\t\t\tdata-frame_0=\"y:bottom;o:1;rX:-20deg;rY:-20deg;\"\n\t\t\t\t\t\t\t\tdata-frame_1=\"e:power3.out;st:630;sp:1950;sR:630;\"\n\t\t\t\t\t\t\t\tdata-frame_999=\"o:0;st:w;sR:6420;\"\n\t\t\t\t\t\t\t\tstyle=\"z-index:10;font-family:'Tahoma', 'Geneva', 'sans-serif';\"\n\t\t\t\t\t\t\t> \n\t\t\t\t\t\t\t<\/rs-layer><!--\n\n\t\t\t\t\t\t\t--><rs-layer\n\t\t\t\t\t\t\t\tid=\"slider-18-slide-86-layer-1\" \n\t\t\t\t\t\t\t\tclass=\"tp-shape tp-shapewrapper\"\n\t\t\t\t\t\t\t\tdata-type=\"shape\"\n\t\t\t\t\t\t\t\tdata-rsp_ch=\"on\"\n\t\t\t\t\t\t\t\tdata-xy=\"x:c;xo:0,0,-1px,2px;y:m;yo:0,0,0,-1px;\"\n\t\t\t\t\t\t\t\tdata-text=\"fw:100;a:inherit;\"\n\t\t\t\t\t\t\t\tdata-dim=\"w:1920px;h:100%;\"\n\t\t\t\t\t\t\t\tdata-frame_1=\"sR:10;\"\n\t\t\t\t\t\t\t\tdata-frame_999=\"o:0;st:w;sR:8690;\"\n\t\t\t\t\t\t\t\tstyle=\"z-index:6;background-color:rgba(20,20,20,0.5);\"\n\t\t\t\t\t\t\t> \n\t\t\t\t\t\t\t<\/rs-layer><!--\n\n\t\t\t\t\t\t\t--><rs-layer\n\t\t\t\t\t\t\t\tid=\"slider-18-slide-86-layer-2\" \n\t\t\t\t\t\t\t\tdata-type=\"text\"\n\t\t\t\t\t\t\t\tdata-rsp_ch=\"on\"\n\t\t\t\t\t\t\t\tdata-xy=\"x:c;xo:427px,439px,267px,6px;y:m;yo:661px,606px,665px,123px;\"\n\t\t\t\t\t\t\t\tdata-text=\"s:65,65,55,25;l:73,73,60,40;ls:-2px;a:center;\"\n\t\t\t\t\t\t\t\tdata-frame_0=\"y:bottom;o:1;rX:-20deg;rY:-20deg;\"\n\t\t\t\t\t\t\t\tdata-frame_1=\"e:power3.out;st:320;sp:2150;sR:320;\"\n\t\t\t\t\t\t\t\tdata-frame_999=\"o:0;st:w;sR:6530;\"\n\t\t\t\t\t\t\t\tstyle=\"z-index:8;font-family:'Courier New', 'Courier', 'monospace';\"\n\t\t\t\t\t\t\t>\"Fotografiar el mundo tal y como es.<\/br>\nNada es m\u00e1s interesante que la<\/br>\nrealidad.\" \n\t\t\t\t\t\t\t<\/rs-layer><!--\n\n\t\t\t\t\t\t\t--><rs-layer\n\t\t\t\t\t\t\t\tid=\"slider-18-slide-86-layer-3\" \n\t\t\t\t\t\t\t\tdata-type=\"text\"\n\t\t\t\t\t\t\t\tdata-rsp_ch=\"on\"\n\t\t\t\t\t\t\t\tdata-xy=\"x:c;xo:427px,439px,267px,-101px;y:m;yo:661px,606px,665px,209px;\"\n\t\t\t\t\t\t\t\tdata-text=\"s:65,65,55,20;l:73,73,60,40;ls:-2px,-2px,-2px,2px;a:center;\"\n\t\t\t\t\t\t\t\tdata-frame_0=\"y:bottom;o:1;rX:-20deg;rY:-20deg;\"\n\t\t\t\t\t\t\t\tdata-frame_1=\"e:power3.out;st:320;sp:2150;sR:320;\"\n\t\t\t\t\t\t\t\tdata-frame_999=\"o:0;st:w;sR:6530;\"\n\t\t\t\t\t\t\t\tstyle=\"z-index:7;font-family:'Tahoma', 'Geneva', 'sans-serif';\"\n\t\t\t\t\t\t\t>-Mary Ellen Mark \n\t\t\t\t\t\t\t<\/rs-layer><!--\n\n\t\t\t\t\t\t\t--><rs-layer\n\t\t\t\t\t\t\t\tid=\"slider-18-slide-86-layer-8\" \n\t\t\t\t\t\t\t\tdata-type=\"text\"\n\t\t\t\t\t\t\t\tdata-rsp_ch=\"on\"\n\t\t\t\t\t\t\t\tdata-xy=\"x:c;xo:-29px,-3px,-11px,-19px;y:m;yo:256px,203px,190px,592px;\"\n\t\t\t\t\t\t\t\tdata-text=\"s:40,30,30,55;l:60,63,60,60;ls:-2px,-2px,2px,-2px;a:left,left,center,center;\"\n\t\t\t\t\t\t\t\tdata-dim=\"w:833px,833px,719px,auto;h:214px,214px,auto,auto;\"\n\t\t\t\t\t\t\t\tdata-frame_0=\"y:bottom;o:1;rX:-20deg;rY:-20deg;\"\n\t\t\t\t\t\t\t\tdata-frame_1=\"e:power3.out;st:630;sp:1950;sR:630;\"\n\t\t\t\t\t\t\t\tdata-frame_999=\"o:0;st:w;sR:6420;\"\n\t\t\t\t\t\t\t\tstyle=\"z-index:10;font-family:'Courier New', 'Courier', 'monospace';\"\n\t\t\t\t\t\t\t> \n\t\t\t\t\t\t\t<\/rs-layer><!--\n-->\t\t\t\t\t\t<\/rs-slide>\n\t\t\t\t\t\t<rs-slide style=\"position: absolute;\" data-key=\"rs-90\" data-title=\"Slide\" data-thumb=\"\/\/www.toniobueso.art\/wp-content\/uploads\/2025\/10\/DSC_7450-scaled-100x50.jpg\" data-anim=\"ms:1400;\" data-in=\"o:0;\" data-out=\"a:false;\" data-d3=\"f:cube;d:vertical;z:400;su:true;sma:1;\">\n\t\t\t\t\t\t\t<img decoding=\"async\" src=\"\/\/www.toniobueso.art\/wp-content\/plugins\/revslider\/public\/assets\/assets\/dummy.png\" alt=\"\" title=\"DSC_7450\" width=\"2560\" height=\"1703\" class=\"rev-slidebg tp-rs-img rs-lazyload\" data-lazyload=\"\/\/www.toniobueso.art\/wp-content\/uploads\/2025\/10\/DSC_7450-scaled.jpg\" data-no-retina>\n<!--\n\t\t\t\t\t\t\t--><rs-layer\n\t\t\t\t\t\t\t\tid=\"slider-18-slide-90-layer-1\" \n\t\t\t\t\t\t\t\tclass=\"tp-shape tp-shapewrapper\"\n\t\t\t\t\t\t\t\tdata-type=\"shape\"\n\t\t\t\t\t\t\t\tdata-rsp_ch=\"on\"\n\t\t\t\t\t\t\t\tdata-xy=\"x:c;xo:0,0,-1px,2px;y:m;yo:0,0,0,-1px;\"\n\t\t\t\t\t\t\t\tdata-text=\"fw:100;a:inherit;\"\n\t\t\t\t\t\t\t\tdata-dim=\"w:1920px;h:100%;\"\n\t\t\t\t\t\t\t\tdata-frame_1=\"sR:10;\"\n\t\t\t\t\t\t\t\tdata-frame_999=\"o:0;st:w;sR:8690;\"\n\t\t\t\t\t\t\t\tstyle=\"z-index:6;background-color:rgba(20,20,20,0.5);\"\n\t\t\t\t\t\t\t> \n\t\t\t\t\t\t\t<\/rs-layer><!--\n\n\t\t\t\t\t\t\t--><rs-layer\n\t\t\t\t\t\t\t\tid=\"slider-18-slide-90-layer-2\" \n\t\t\t\t\t\t\t\tdata-type=\"text\"\n\t\t\t\t\t\t\t\tdata-rsp_ch=\"on\"\n\t\t\t\t\t\t\t\tdata-xy=\"x:c;xo:427px,439px,267px,6px;y:m;yo:661px,606px,665px,123px;\"\n\t\t\t\t\t\t\t\tdata-text=\"s:65,65,55,25;l:73,73,60,40;ls:-2px;a:center;\"\n\t\t\t\t\t\t\t\tdata-frame_0=\"y:bottom;o:1;rX:-20deg;rY:-20deg;\"\n\t\t\t\t\t\t\t\tdata-frame_1=\"e:power3.out;st:320;sp:2150;sR:320;\"\n\t\t\t\t\t\t\t\tdata-frame_999=\"o:0;st:w;sR:6530;\"\n\t\t\t\t\t\t\t\tstyle=\"z-index:8;font-family:'Courier New', 'Courier', 'monospace';\"\n\t\t\t\t\t\t\t>\"Fotografiar el mundo tal y como es.<\/br>\nNada es m\u00e1s interesante que la<\/br>\nrealidad.\" \n\t\t\t\t\t\t\t<\/rs-layer><!--\n\n\t\t\t\t\t\t\t--><rs-layer\n\t\t\t\t\t\t\t\tid=\"slider-18-slide-90-layer-3\" \n\t\t\t\t\t\t\t\tdata-type=\"text\"\n\t\t\t\t\t\t\t\tdata-rsp_ch=\"on\"\n\t\t\t\t\t\t\t\tdata-xy=\"x:c;xo:427px,439px,267px,-101px;y:m;yo:661px,606px,665px,209px;\"\n\t\t\t\t\t\t\t\tdata-text=\"s:65,65,55,20;l:73,73,60,40;ls:-2px,-2px,-2px,2px;a:center;\"\n\t\t\t\t\t\t\t\tdata-frame_0=\"y:bottom;o:1;rX:-20deg;rY:-20deg;\"\n\t\t\t\t\t\t\t\tdata-frame_1=\"e:power3.out;st:320;sp:2150;sR:320;\"\n\t\t\t\t\t\t\t\tdata-frame_999=\"o:0;st:w;sR:6530;\"\n\t\t\t\t\t\t\t\tstyle=\"z-index:7;font-family:'Tahoma', 'Geneva', 'sans-serif';\"\n\t\t\t\t\t\t\t>-Mary Ellen Mark \n\t\t\t\t\t\t\t<\/rs-layer><!--\n\n\t\t\t\t\t\t\t--><rs-layer\n\t\t\t\t\t\t\t\tid=\"slider-18-slide-90-layer-8\" \n\t\t\t\t\t\t\t\tdata-type=\"text\"\n\t\t\t\t\t\t\t\tdata-rsp_ch=\"on\"\n\t\t\t\t\t\t\t\tdata-xy=\"x:c;xo:-29px,-3px,-11px,-19px;y:m;yo:256px,203px,190px,592px;\"\n\t\t\t\t\t\t\t\tdata-text=\"s:40,30,30,55;l:60,63,60,60;ls:-2px,-2px,2px,-2px;a:left,left,center,center;\"\n\t\t\t\t\t\t\t\tdata-dim=\"w:833px,833px,719px,auto;h:214px,214px,auto,auto;\"\n\t\t\t\t\t\t\t\tdata-frame_0=\"y:bottom;o:1;rX:-20deg;rY:-20deg;\"\n\t\t\t\t\t\t\t\tdata-frame_1=\"e:power3.out;st:630;sp:1950;sR:630;\"\n\t\t\t\t\t\t\t\tdata-frame_999=\"o:0;st:w;sR:6420;\"\n\t\t\t\t\t\t\t\tstyle=\"z-index:10;font-family:'Courier New', 'Courier', 'monospace';\"\n\t\t\t\t\t\t\t> \n\t\t\t\t\t\t\t<\/rs-layer><!--\n-->\t\t\t\t\t\t<\/rs-slide>\n\t\t\t\t\t<\/rs-slides>\n\t\t\t\t\t<rs-static-layers><!--\n\t\t\t\t\t--><\/rs-static-layers>\n\t\t\t\t<\/rs-module>\n\t\t\t\t<script>\n\t\t\t\t\tsetREVStartSize({c: 'rev_slider_18_1',rl:[1240,1024,778,480],el:[930,768,960,900],gw:[1240,1024,778,480],gh:[930,768,960,900],type:'standard',justify:'',layout:'fullwidth',mh:\"0\"});if (window.RS_MODULES!==undefined && window.RS_MODULES.modules!==undefined && window.RS_MODULES.modules[\"revslider181\"]!==undefined) {window.RS_MODULES.modules[\"revslider181\"].once = false;window.revapi18 = undefined;if (window.RS_MODULES.checkMinimal!==undefined) window.RS_MODULES.checkMinimal()}\n\t\t\t\t<\/script>\n\t\t\t<\/rs-module-wrap>\n\t\t\t<!-- END REVOLUTION SLIDER -->\n\n\t\t\t<\/div> \n\t\t<\/div>\n\t<\/div> \n<\/div><\/div>","protected":false},"excerpt":{"rendered":"No fotografio per recordar, sin\u00f3 per tornar a sentir el que em va v\u00e8ncer en aquell momentde silenci No fotografio per recordar, sin\u00f3 per tornar a sentir el que em...","protected":false},"author":1,"featured_media":0,"parent":0,"menu_order":0,"comment_status":"open","ping_status":"closed","template":"","meta":{"footnotes":""},"class_list":["post-3052","page","type-page","status-publish"],"_links":{"self":[{"href":"https:\/\/www.toniobueso.art\/es\/wp-json\/wp\/v2\/pages\/3052","targetHints":{"allow":["GET"]}}],"collection":[{"href":"https:\/\/www.toniobueso.art\/es\/wp-json\/wp\/v2\/pages"}],"about":[{"href":"https:\/\/www.toniobueso.art\/es\/wp-json\/wp\/v2\/types\/page"}],"author":[{"embeddable":true,"href":"https:\/\/www.toniobueso.art\/es\/wp-json\/wp\/v2\/users\/1"}],"replies":[{"embeddable":true,"href":"https:\/\/www.toniobueso.art\/es\/wp-json\/wp\/v2\/comments?post=3052"}],"version-history":[{"count":8,"href":"https:\/\/www.toniobueso.art\/es\/wp-json\/wp\/v2\/pages\/3052\/revisions"}],"predecessor-version":[{"id":3366,"href":"https:\/\/www.toniobueso.art\/es\/wp-json\/wp\/v2\/pages\/3052\/revisions\/3366"}],"wp:attachment":[{"href":"https:\/\/www.toniobueso.art\/es\/wp-json\/wp\/v2\/media?parent=3052"}],"curies":[{"name":"wp","href":"https:\/\/api.w.org\/{rel}","templated":true}]}}