{"id":2183,"date":"2024-03-15T10:08:07","date_gmt":"2024-03-15T10:08:07","guid":{"rendered":"http:\/\/www.toniobueso.art\/arquitectos\/nuestro-estudio-2\/"},"modified":"2025-10-30T00:29:59","modified_gmt":"2025-10-30T00:29:59","slug":"contacte","status":"publish","type":"page","link":"https:\/\/www.toniobueso.art\/es\/contacte\/","title":{"rendered":"Contacto"},"content":{"rendered":"<div id=\"fws_6a03001731e03\"  data-column-margin=\"default\" data-midnight=\"dark\"  class=\"wpb_row vc_row-fluid vc_row full-width-content vc_row-o-equal-height vc_row-flex vc_row-o-content-top\"  style=\"padding-top: 0px; padding-bottom: 0px; \"><div class=\"row-bg-wrap\" data-bg-animation=\"none\" data-bg-animation-delay=\"\" data-bg-overlay=\"false\"><div class=\"inner-wrap row-bg-layer\" ><div class=\"row-bg viewport-desktop\"  style=\"\"><\/div><\/div><\/div><div class=\"row_col_wrap_12 col span_12 dark left\">\n\t<div  class=\"vc_col-sm-12 wpb_column column_container vc_column_container col no-extra-padding inherit_tablet inherit_phone\"  data-padding-pos=\"all\" data-has-bg-color=\"false\" data-bg-color=\"\" data-bg-opacity=\"1\" data-animation=\"\" data-delay=\"0\" >\n\t\t<div class=\"vc_column-inner\" >\n\t\t\t<div class=\"wpb_wrapper\">\n\t\t\t\t<div id=\"fws_6a0300173240c\" data-midnight=\"\" data-column-margin=\"default\" class=\"wpb_row vc_row-fluid vc_row inner_row\"  style=\"\"><div class=\"row-bg-wrap\"> <div class=\"row-bg\" ><\/div> <\/div><div class=\"row_col_wrap_12_inner col span_12  left\">\n\t<div  class=\"vc_col-sm-7 wpb_column column_container vc_column_container col child_column no-extra-padding inherit_tablet inherit_phone\"   data-padding-pos=\"all\" data-has-bg-color=\"false\" data-bg-color=\"\" data-bg-opacity=\"1\" data-animation=\"\" data-delay=\"0\" >\n\t\t<div class=\"vc_column-inner\" >\n\t\t<div class=\"wpb_wrapper\">\n\t\t\t<div class=\"img-with-aniamtion-wrap center custom-size\" data-max-width=\"100%\" data-max-width-mobile=\"default\" data-shadow=\"none\" data-animation=\"none\" >\n      <div class=\"inner\">\n        <div class=\"hover-wrap\"> \n          <div class=\"hover-wrap-inner\">\n            <img loading=\"lazy\" decoding=\"async\" class=\"img-with-animation skip-lazy\" data-delay=\"0\" height=\"800\" width=\"800\" data-animation=\"none\" src=\"https:\/\/www.toniobueso.art\/wp-content\/uploads\/2025\/10\/bues2-1-800x800.png\" alt=\"\" srcset=\"https:\/\/www.toniobueso.art\/wp-content\/uploads\/2025\/10\/bues2-1-800x800.png 800w, https:\/\/www.toniobueso.art\/wp-content\/uploads\/2025\/10\/bues2-1-300x300.png 300w, https:\/\/www.toniobueso.art\/wp-content\/uploads\/2025\/10\/bues2-1-1024x1024.png 1024w, https:\/\/www.toniobueso.art\/wp-content\/uploads\/2025\/10\/bues2-1-150x150.png 150w, https:\/\/www.toniobueso.art\/wp-content\/uploads\/2025\/10\/bues2-1-768x768.png 768w, https:\/\/www.toniobueso.art\/wp-content\/uploads\/2025\/10\/bues2-1-1536x1536.png 1536w, https:\/\/www.toniobueso.art\/wp-content\/uploads\/2025\/10\/bues2-1-2048x2048.png 2048w, https:\/\/www.toniobueso.art\/wp-content\/uploads\/2025\/10\/bues2-1-12x12.png 12w, https:\/\/www.toniobueso.art\/wp-content\/uploads\/2025\/10\/bues2-1-140x140.png 140w, https:\/\/www.toniobueso.art\/wp-content\/uploads\/2025\/10\/bues2-1-100x100.png 100w, https:\/\/www.toniobueso.art\/wp-content\/uploads\/2025\/10\/bues2-1-500x500.png 500w, https:\/\/www.toniobueso.art\/wp-content\/uploads\/2025\/10\/bues2-1-350x350.png 350w, https:\/\/www.toniobueso.art\/wp-content\/uploads\/2025\/10\/bues2-1-1000x1000.png 1000w\" sizes=\"auto, (max-width: 800px) 100vw, 800px\" \/>\n          <\/div>\n        <\/div>\n      <\/div>\n    <\/div>\n\t\t<\/div> \n\t<\/div>\n\t<\/div> \n\n\t<div  class=\"vc_col-sm-4 wpb_column column_container vc_column_container col child_column no-extra-padding left_margin_16px top_margin_tablet_0px top_margin_phone_0px right_margin_phone_15px left_margin_tablet_18px left_margin_phone_17px inherit_tablet inherit_phone\"   data-padding-pos=\"all\" data-has-bg-color=\"false\" data-bg-color=\"\" data-bg-opacity=\"1\" data-animation=\"\" data-delay=\"0\" >\n\t\t<div class=\"vc_column-inner\" >\n\t\t<div class=\"wpb_wrapper\">\n\t\t\t<div class=\"divider-wrap\" data-alignment=\"default\"><div style=\"height: 100px;\" class=\"divider\"><\/div><\/div>\n<div class=\"wpb_text_column wpb_content_element  vc_custom_1761784191287\" >\n\t<div class=\"wpb_wrapper\">\n\t\t<h5 style=\"text-align: left;\">La fotografia va n\u00e9ixer com una manera de guarir i de tornar a mirar el m\u00f3n des de dins.<br \/>\nEl que va comen\u00e7ar com simples passejades amb el m\u00f2bil es va transformar en una manera d\u2019escoltar el silenci dels carrers, de mirar all\u00f2 que sempre havia estat all\u00e0, esperant-me.<br \/>\nDes d\u2019aleshores, fotografiar s\u2019ha convertit en una manera de ser, de comprendre, de sentir.<\/h5>\n<h5 style=\"text-align: left;\">M\u2019atrau el blanc i negre perqu\u00e8 sento que revela l\u2019essencial, all\u00f2 que \u00e9s real, sense adorns. En cada imatge busco aturar all\u00f2 que sovint passem per alt: les petites coses, les pres\u00e8ncies silencioses, el quotidi\u00e0 que a vegades no mirem.<\/h5>\n<h5 style=\"text-align: left;\">Les meves fotografies parlen de la vida que succeeix davant nostre \u2014la solitud, la feina, l\u2019esperan\u00e7a, la dignitat en all\u00f2 simple. Cada imatge, per a mi, t\u00e9 alguna cosa per dir, una hist\u00f2ria que xiuxiueja quan la mires.<\/h5>\n<h5 style=\"text-align: left;\">No fotografio per recordar,<br \/>\nsin\u00f3 per tornar a sentir all\u00f2 que em va v\u00e8ncer en aquell moment de silenci.<\/h5>\n<h5 style=\"text-align: left;\"><\/h5>\n<div class=\"xat24cr\">\n<div class=\"x13faqbe x78zum5 xdt5ytf\">\n<div class=\"x9f619 x1n2onr6 x1ja2u2z x78zum5 x1r8uery x1iyjqo2 xs83m0k xeuugli x1nhvcw1 x1qjc9v5 xozqiw3 x1q0g3np xexx8yu xykv574 xbmpl8g x4cne27 xifccgj\">\n<h5 class=\"x9f619 x1n2onr6 x1ja2u2z x78zum5 xdt5ytf x2lah0s x193iq5w xeuugli xsyo7zv x16hj40l x10b6aqq x1yrsyyn\" style=\"text-align: left;\"><\/h5>\n<\/div>\n<\/div>\n<\/div>\n\t<\/div>\n<\/div>\n\n\n\n<div class=\"divider-wrap\" data-alignment=\"default\"><div style=\"height: 10px;\" class=\"divider\"><\/div><\/div><div class=\"img-with-aniamtion-wrap  custom-size\" data-max-width=\"100%\" data-max-width-mobile=\"default\" data-shadow=\"none\" data-animation=\"none\" >\n      <div class=\"inner\">\n        <div class=\"hover-wrap\"> \n          <div class=\"hover-wrap-inner\">\n            <img loading=\"lazy\" decoding=\"async\" class=\"img-with-animation skip-lazy\" data-delay=\"0\" height=\"300\" width=\"300\" data-animation=\"none\" src=\"https:\/\/www.toniobueso.art\/wp-content\/uploads\/2025\/10\/logo-bues11-2-300x300.png\" alt=\"\" srcset=\"https:\/\/www.toniobueso.art\/wp-content\/uploads\/2025\/10\/logo-bues11-2-300x300.png 300w, https:\/\/www.toniobueso.art\/wp-content\/uploads\/2025\/10\/logo-bues11-2-1021x1024.png 1021w, https:\/\/www.toniobueso.art\/wp-content\/uploads\/2025\/10\/logo-bues11-2-150x150.png 150w, https:\/\/www.toniobueso.art\/wp-content\/uploads\/2025\/10\/logo-bues11-2-768x770.png 768w, https:\/\/www.toniobueso.art\/wp-content\/uploads\/2025\/10\/logo-bues11-2-1531x1536.png 1531w, https:\/\/www.toniobueso.art\/wp-content\/uploads\/2025\/10\/logo-bues11-2-12x12.png 12w, https:\/\/www.toniobueso.art\/wp-content\/uploads\/2025\/10\/logo-bues11-2-140x140.png 140w, https:\/\/www.toniobueso.art\/wp-content\/uploads\/2025\/10\/logo-bues11-2-100x100.png 100w, https:\/\/www.toniobueso.art\/wp-content\/uploads\/2025\/10\/logo-bues11-2-500x500.png 500w, https:\/\/www.toniobueso.art\/wp-content\/uploads\/2025\/10\/logo-bues11-2-350x350.png 350w, https:\/\/www.toniobueso.art\/wp-content\/uploads\/2025\/10\/logo-bues11-2-1000x1000.png 1000w, https:\/\/www.toniobueso.art\/wp-content\/uploads\/2025\/10\/logo-bues11-2-800x800.png 800w, https:\/\/www.toniobueso.art\/wp-content\/uploads\/2025\/10\/logo-bues11-2.png 1848w\" sizes=\"auto, (max-width: 300px) 100vw, 300px\" \/>\n          <\/div>\n        <\/div>\n      <\/div>\n    <\/div>\n\t\t<\/div> \n\t<\/div>\n\t<\/div> \n<\/div><\/div>\n\t\t\t<\/div> \n\t\t<\/div>\n\t<\/div> \n<\/div><\/div>","protected":false},"excerpt":{"rendered":"La fotografia va n\u00e9ixer com una manera de guarir i de tornar a mirar el m\u00f3n des de dins. El que va comen\u00e7ar com simples passejades amb el m\u00f2bil es...","protected":false},"author":1,"featured_media":0,"parent":0,"menu_order":0,"comment_status":"open","ping_status":"closed","template":"","meta":{"footnotes":""},"class_list":["post-2183","page","type-page","status-publish"],"_links":{"self":[{"href":"https:\/\/www.toniobueso.art\/es\/wp-json\/wp\/v2\/pages\/2183","targetHints":{"allow":["GET"]}}],"collection":[{"href":"https:\/\/www.toniobueso.art\/es\/wp-json\/wp\/v2\/pages"}],"about":[{"href":"https:\/\/www.toniobueso.art\/es\/wp-json\/wp\/v2\/types\/page"}],"author":[{"embeddable":true,"href":"https:\/\/www.toniobueso.art\/es\/wp-json\/wp\/v2\/users\/1"}],"replies":[{"embeddable":true,"href":"https:\/\/www.toniobueso.art\/es\/wp-json\/wp\/v2\/comments?post=2183"}],"version-history":[{"count":78,"href":"https:\/\/www.toniobueso.art\/es\/wp-json\/wp\/v2\/pages\/2183\/revisions"}],"predecessor-version":[{"id":3364,"href":"https:\/\/www.toniobueso.art\/es\/wp-json\/wp\/v2\/pages\/2183\/revisions\/3364"}],"wp:attachment":[{"href":"https:\/\/www.toniobueso.art\/es\/wp-json\/wp\/v2\/media?parent=2183"}],"curies":[{"name":"wp","href":"https:\/\/api.w.org\/{rel}","templated":true}]}}